{"id":11,"date":"2025-01-14T12:23:45","date_gmt":"2025-01-14T12:23:45","guid":{"rendered":"https:\/\/promiss.com.pl\/?page_id=11"},"modified":"2025-03-18T07:21:59","modified_gmt":"2025-03-18T07:21:59","slug":"strona-glowna","status":"publish","type":"page","link":"https:\/\/promiss.com.pl\/","title":{"rendered":"Strona g\u0142\u00f3wna"},"content":{"rendered":"\t\t<div data-elementor-type=\"wp-page\" data-elementor-id=\"11\" class=\"elementor elementor-11\" data-elementor-post-type=\"page\">\n\t\t\t\t<header class=\"elementor-element elementor-element-5f400b5 e-flex e-con-boxed e-con e-parent\" data-id=\"5f400b5\" data-element_type=\"container\" id=\"o-nas\" data-settings=\"{&quot;background_background&quot;:&quot;classic&quot;}\">\n\t\t\t\t\t<div class=\"e-con-inner\">\n\t\t<div class=\"elementor-element elementor-element-6e725177 e-con-full e-flex e-con e-child\" data-id=\"6e725177\" data-element_type=\"container\">\n\t\t\t\t<div class=\"elementor-element elementor-element-1957fc7d elementor-widget elementor-widget-image\" data-id=\"1957fc7d\" data-element_type=\"widget\" data-widget_type=\"image.default\">\n\t\t\t\t<div class=\"elementor-widget-container\">\n\t\t\t\t\t\t\t\t\t\t\t\t\t\t\t<img fetchpriority=\"high\" decoding=\"async\" width=\"768\" height=\"512\" src=\"https:\/\/promiss.com.pl\/wp-content\/uploads\/2025\/03\/shutterstock_348372839-768x512.jpg\" class=\"attachment-medium_large size-medium_large wp-image-150\" alt=\"\" srcset=\"https:\/\/promiss.com.pl\/wp-content\/uploads\/2025\/03\/shutterstock_348372839-768x512.jpg 768w, https:\/\/promiss.com.pl\/wp-content\/uploads\/2025\/03\/shutterstock_348372839-300x200.jpg 300w, https:\/\/promiss.com.pl\/wp-content\/uploads\/2025\/03\/shutterstock_348372839-1024x683.jpg 1024w, https:\/\/promiss.com.pl\/wp-content\/uploads\/2025\/03\/shutterstock_348372839-1536x1024.jpg 1536w, https:\/\/promiss.com.pl\/wp-content\/uploads\/2025\/03\/shutterstock_348372839-2048x1365.jpg 2048w\" sizes=\"(max-width: 768px) 100vw, 768px\" \/>\t\t\t\t\t\t\t\t\t\t\t\t\t\t\t<\/div>\n\t\t\t\t<\/div>\n\t\t\t\t<\/div>\n\t\t<div class=\"elementor-element elementor-element-759db5ea e-con-full e-flex e-con e-child\" data-id=\"759db5ea\" data-element_type=\"container\">\n\t\t\t\t<div class=\"elementor-element elementor-element-14b54841 elementor-widget elementor-widget-heading\" data-id=\"14b54841\" data-element_type=\"widget\" data-widget_type=\"heading.default\">\n\t\t\t\t<div class=\"elementor-widget-container\">\n\t\t\t\t\t<h1 class=\"elementor-heading-title elementor-size-default\">O nas<\/h1>\t\t\t\t<\/div>\n\t\t\t\t<\/div>\n\t\t\t\t<div class=\"elementor-element elementor-element-2709e67 elementor-widget elementor-widget-text-editor\" data-id=\"2709e67\" data-element_type=\"widget\" data-widget_type=\"text-editor.default\">\n\t\t\t\t<div class=\"elementor-widget-container\">\n\t\t\t\t\t\t\t\t\t<p class=\"my-0\">Pro Miss Sp. z o.o. to firma specjalizuj\u0105ca si\u0119 w dostarczaniu innowacyjnych rozwi\u0105za\u0144 technologicznych i biznesowych. Naszym celem jest wspieranie klient\u00f3w w rozwijaniu ich potencja\u0142u poprzez kompleksowe us\u0142ugi badawczo-rozwojowe, tworzenie oprogramowania, doradztwo oraz gry seriuszne.<\/p><h2 class=\"mb-xs mt-5 text-base font-[525] first:mt-3\">Misja<\/h2><p class=\"my-0\">Nasza misja to dostarczanie nowatorskich technologii i modeli biznesowych, kt\u00f3re pomagaj\u0105 naszym klientom w osi\u0105ganiu sukcesu. Pracujemy nad tym, aby nasze rozwi\u0105zania by\u0142y nie tylko efektywne, ale tak\u017ce dostosowane do indywidualnych potrzeb ka\u017cdego klienta.<\/p>\t\t\t\t\t\t\t\t<\/div>\n\t\t\t\t<\/div>\n\t\t\t\t<\/div>\n\t\t\t\t\t<\/div>\n\t\t\t\t<\/header>\n\t\t<div class=\"elementor-element elementor-element-4e232e8b e-flex e-con-boxed e-con e-parent\" data-id=\"4e232e8b\" data-element_type=\"container\" id=\"oferta\">\n\t\t\t\t\t<div class=\"e-con-inner\">\n\t\t\t\t<div class=\"elementor-element elementor-element-7e0d6846 elementor-widget elementor-widget-heading\" data-id=\"7e0d6846\" data-element_type=\"widget\" data-widget_type=\"heading.default\">\n\t\t\t\t<div class=\"elementor-widget-container\">\n\t\t\t\t\t<h3 class=\"elementor-heading-title elementor-size-default\">Co oferujemy<\/h3>\t\t\t\t<\/div>\n\t\t\t\t<\/div>\n\t\t\t\t<div class=\"elementor-element elementor-element-ca4aa1b elementor-widget elementor-widget-text-editor\" data-id=\"ca4aa1b\" data-element_type=\"widget\" data-widget_type=\"text-editor.default\">\n\t\t\t\t<div class=\"elementor-widget-container\">\n\t\t\t\t\t\t\t\t\t<p>Pro Miss Sp. z o.o. oferuje kompleksowe us\u0142ugi, kt\u00f3re wspieraj\u0105 klient\u00f3w w rozwijaniu ich potencja\u0142u poprzez innowacyjne rozwi\u0105zania technologiczne i biznesowe. Nasze us\u0142ugi s\u0105 zaprojektowane tak, aby dostosowa\u0107 si\u0119 do indywidualnych potrzeb klienta, zapewniaj\u0105c maksymaln\u0105 efektywno\u015b\u0107 i wydajno\u015b\u0107.<\/p>\t\t\t\t\t\t\t\t<\/div>\n\t\t\t\t<\/div>\n\t\t<div class=\"elementor-element elementor-element-8321202 e-con-full e-flex e-con e-child\" data-id=\"8321202\" data-element_type=\"container\">\n\t\t<div class=\"elementor-element elementor-element-5fdbf2b5 e-con-full e-flex e-con e-child\" data-id=\"5fdbf2b5\" data-element_type=\"container\">\n\t\t\t\t<div class=\"elementor-element elementor-element-265ef93c elementor-position-top elementor-widget elementor-widget-image-box\" data-id=\"265ef93c\" data-element_type=\"widget\" data-widget_type=\"image-box.default\">\n\t\t\t\t<div class=\"elementor-widget-container\">\n\t\t\t\t\t<div class=\"elementor-image-box-wrapper\"><figure class=\"elementor-image-box-img\"><img decoding=\"async\" width=\"500\" height=\"500\" src=\"https:\/\/promiss.com.pl\/wp-content\/uploads\/2025\/01\/audyt-kpi.jpg\" class=\"elementor-animation-grow attachment-medium_large size-medium_large wp-image-80\" alt=\"\" srcset=\"https:\/\/promiss.com.pl\/wp-content\/uploads\/2025\/01\/audyt-kpi.jpg 500w, https:\/\/promiss.com.pl\/wp-content\/uploads\/2025\/01\/audyt-kpi-300x300.jpg 300w, https:\/\/promiss.com.pl\/wp-content\/uploads\/2025\/01\/audyt-kpi-150x150.jpg 150w\" sizes=\"(max-width: 500px) 100vw, 500px\" \/><\/figure><div class=\"elementor-image-box-content\"><h4 class=\"elementor-image-box-title\">Us\u0142ugi Badawczo-Rozwojowe<\/h4><p class=\"elementor-image-box-description\">Nasze us\u0142ugi badawczo-rozwojowe obejmuj\u0105 kompleksowe prace nad nowymi rozwi\u0105zaniami technologicznymi i biznesowymi. Specjalizujemy si\u0119 w modelowaniu proces\u00f3w biznesowych, opracowywaniu nowych modeli i wdra\u017caniu innowacyjnych rozwi\u0105za\u0144. Nasze do\u015bwiadczenie w prowadzeniu prac badawczych pozwala na efektywn\u0105 realizacj\u0119 projekt\u00f3w z\u0142o\u017conych, dostosowanych do indywidualnych potrzeb klient\u00f3w. Prace te obejmuj\u0105 modelowanie proces\u00f3w psychoedukacyjnych, autodiagnostycznych oraz opracowanie specyfikacji wymaga\u0144 funkcjonalnych dla prototyp\u00f3w system\u00f3w ICT.<\/p><\/div><\/div>\t\t\t\t<\/div>\n\t\t\t\t<\/div>\n\t\t\t\t<\/div>\n\t\t<div class=\"elementor-element elementor-element-52e96c80 e-con-full e-flex e-con e-child\" data-id=\"52e96c80\" data-element_type=\"container\">\n\t\t\t\t<div class=\"elementor-element elementor-element-5302f4b3 elementor-position-top elementor-widget elementor-widget-image-box\" data-id=\"5302f4b3\" data-element_type=\"widget\" data-widget_type=\"image-box.default\">\n\t\t\t\t<div class=\"elementor-widget-container\">\n\t\t\t\t\t<div class=\"elementor-image-box-wrapper\"><figure class=\"elementor-image-box-img\"><a href=\"#\" tabindex=\"-1\"><img decoding=\"async\" width=\"500\" height=\"500\" src=\"https:\/\/promiss.com.pl\/wp-content\/uploads\/2025\/01\/strategia-tworzenie-kpi.jpg\" class=\"elementor-animation-grow attachment-medium_large size-medium_large wp-image-82\" alt=\"\" srcset=\"https:\/\/promiss.com.pl\/wp-content\/uploads\/2025\/01\/strategia-tworzenie-kpi.jpg 500w, https:\/\/promiss.com.pl\/wp-content\/uploads\/2025\/01\/strategia-tworzenie-kpi-300x300.jpg 300w, https:\/\/promiss.com.pl\/wp-content\/uploads\/2025\/01\/strategia-tworzenie-kpi-150x150.jpg 150w\" sizes=\"(max-width: 500px) 100vw, 500px\" \/><\/a><\/figure><div class=\"elementor-image-box-content\"><h4 class=\"elementor-image-box-title\"><a href=\"#\">Tworzenie Oprogramowania<\/a><\/h4><p class=\"elementor-image-box-description\">Specjalizujemy si\u0119 w tworzeniu oprogramowania na potrzeby r\u00f3\u017cnych bran\u017c. Nasze do\u015bwiadczenie w programowaniu i integracji system\u00f3w pozwala na dostosowanie rozwi\u0105za\u0144 do indywidualnych potrzeb klient\u00f3w. Realizujemy projekty zwi\u0105zane z tworzeniem autonomicznych system\u00f3w inwestycyjnych z funkcj\u0105 samodzielnej optymalizacji, co obejmuje wyb\u00f3r wska\u017anik\u00f3w technicznych, tworzenie kodu \u017ar\u00f3d\u0142owego oraz testowanie i optymalizacj\u0119 systemu. Nasze rozwi\u0105zania s\u0105 zaprojektowane tak, aby zapewni\u0107 maksymaln\u0105 efektywno\u015b\u0107 i elastyczno\u015b\u0107.<\/p><\/div><\/div>\t\t\t\t<\/div>\n\t\t\t\t<\/div>\n\t\t\t\t<\/div>\n\t\t<div class=\"elementor-element elementor-element-4f63715 e-con-full e-flex e-con e-child\" data-id=\"4f63715\" data-element_type=\"container\">\n\t\t\t\t<div class=\"elementor-element elementor-element-5d8a73ae elementor-position-top elementor-widget elementor-widget-image-box\" data-id=\"5d8a73ae\" data-element_type=\"widget\" data-widget_type=\"image-box.default\">\n\t\t\t\t<div class=\"elementor-widget-container\">\n\t\t\t\t\t<div class=\"elementor-image-box-wrapper\"><figure class=\"elementor-image-box-img\"><a href=\"#\" tabindex=\"-1\"><img loading=\"lazy\" decoding=\"async\" width=\"500\" height=\"500\" src=\"https:\/\/promiss.com.pl\/wp-content\/uploads\/2025\/01\/wdrozenie-kpi.jpg\" class=\"elementor-animation-grow attachment-large size-large wp-image-81\" alt=\"\" srcset=\"https:\/\/promiss.com.pl\/wp-content\/uploads\/2025\/01\/wdrozenie-kpi.jpg 500w, https:\/\/promiss.com.pl\/wp-content\/uploads\/2025\/01\/wdrozenie-kpi-300x300.jpg 300w, https:\/\/promiss.com.pl\/wp-content\/uploads\/2025\/01\/wdrozenie-kpi-150x150.jpg 150w\" sizes=\"(max-width: 500px) 100vw, 500px\" \/><\/a><\/figure><div class=\"elementor-image-box-content\"><h4 class=\"elementor-image-box-title\"><a href=\"#\">Us\u0142ugi Doradcze<\/a><\/h4><p class=\"elementor-image-box-description\">Nasze us\u0142ugi doradcze obejmuj\u0105 analiz\u0119 proces\u00f3w biznesowych i technologicznych oraz doradztwo w zakresie automatyzacji i optymalizacji. Specjalizujemy si\u0119 w tworzeniu user stories i makiet interfejsu u\u017cytkownika, co pozwala na efektywn\u0105 weryfikacj\u0119 modeli biznesowych. Prace te obejmuj\u0105 analiz\u0119 wzorcowych proces\u00f3w zarz\u0105dzania us\u0142ugami, weryfikacj\u0119 obszar\u00f3w podlegaj\u0105cych automatyzacji oraz opracowanie koncepcji interfejsu u\u017cytkownika. Nasze do\u015bwiadczenie w analizie proces\u00f3w i wdra\u017caniu nowych rozwi\u0105za\u0144 pozwala na zwi\u0119kszenie efektywno\u015bci i wydajno\u015bci klient\u00f3w.<\/p><\/div><\/div>\t\t\t\t<\/div>\n\t\t\t\t<\/div>\n\t\t\t\t<\/div>\n\t\t<div class=\"elementor-element elementor-element-6570c22 e-con-full e-flex e-con e-child\" data-id=\"6570c22\" data-element_type=\"container\">\n\t\t\t\t<div class=\"elementor-element elementor-element-b34e538 elementor-position-top elementor-widget elementor-widget-image-box\" data-id=\"b34e538\" data-element_type=\"widget\" data-widget_type=\"image-box.default\">\n\t\t\t\t<div class=\"elementor-widget-container\">\n\t\t\t\t\t<div class=\"elementor-image-box-wrapper\"><figure class=\"elementor-image-box-img\"><a href=\"#\" tabindex=\"-1\"><img loading=\"lazy\" decoding=\"async\" width=\"800\" height=\"745\" src=\"https:\/\/promiss.com.pl\/wp-content\/uploads\/2025\/03\/shutterstock_242602495-scaled-e1742240395775-1024x954.jpg\" class=\"elementor-animation-grow attachment-large size-large wp-image-154\" alt=\"\" srcset=\"https:\/\/promiss.com.pl\/wp-content\/uploads\/2025\/03\/shutterstock_242602495-scaled-e1742240395775-1024x954.jpg 1024w, https:\/\/promiss.com.pl\/wp-content\/uploads\/2025\/03\/shutterstock_242602495-scaled-e1742240395775-300x279.jpg 300w, https:\/\/promiss.com.pl\/wp-content\/uploads\/2025\/03\/shutterstock_242602495-scaled-e1742240395775-768x715.jpg 768w, https:\/\/promiss.com.pl\/wp-content\/uploads\/2025\/03\/shutterstock_242602495-scaled-e1742240395775-1536x1431.jpg 1536w, https:\/\/promiss.com.pl\/wp-content\/uploads\/2025\/03\/shutterstock_242602495-scaled-e1742240395775.jpg 1576w\" sizes=\"(max-width: 800px) 100vw, 800px\" \/><\/a><\/figure><div class=\"elementor-image-box-content\"><h4 class=\"elementor-image-box-title\"><a href=\"#\">Serious Games Kompetencje Ksi\u0119gowych<\/a><\/h4><p class=\"elementor-image-box-description\">Nasza firma oferuje gr\u0119 (serious games) umo\u017cliwiaj\u0105c\u0105 rozw\u00f3j kompetencji specjalistycznych, w tym kompetencji ksi\u0119gowych. Rozwi\u0105zanie umo\u017cliwiaj\u0105 diagnoz\u0119 i rozwijanie kluczowych kompetencji finansowych za pomoc\u0105 gier rekrutacyjnych i szkoleniowych. Funkcjonalno\u015bci obejmuj\u0105:\nNa podstawie wynik\u00f3w osi\u0105ganych przez kandydata\/pracownika, generowany jest profil kompetencyjny, kt\u00f3ry pozwala na stworzenie i realizacj\u0119 indywidualnego planu rozwoju. Nasze rozwi\u0105zania s\u0105 oparte na narz\u0119dziach diagnostycznych o wysokiej rzetelno\u015bci i trafno\u015bci, co gwarantuje skuteczno\u015b\u0107 wdro\u017conego systemu.\n\n<\/p><\/div><\/div>\t\t\t\t<\/div>\n\t\t\t\t<\/div>\n\t\t\t\t<\/div>\n\t\t\t\t<\/div>\n\t\t\t\t\t<\/div>\n\t\t\t\t<\/div>\n\t\t<div class=\"elementor-element elementor-element-6f5966c0 e-flex e-con-boxed e-con e-parent\" data-id=\"6f5966c0\" data-element_type=\"container\" data-settings=\"{&quot;background_background&quot;:&quot;classic&quot;}\">\n\t\t\t\t\t<div class=\"e-con-inner\">\n\t\t\t\t<div class=\"elementor-element elementor-element-40fa6744 elementor-widget elementor-widget-heading\" data-id=\"40fa6744\" data-element_type=\"widget\" data-widget_type=\"heading.default\">\n\t\t\t\t<div class=\"elementor-widget-container\">\n\t\t\t\t\t<h3 class=\"elementor-heading-title elementor-size-default\">Nasze projekty<\/h3>\t\t\t\t<\/div>\n\t\t\t\t<\/div>\n\t\t\t\t<div class=\"elementor-element elementor-element-3abb2dd elementor-widget elementor-widget-text-editor\" data-id=\"3abb2dd\" data-element_type=\"widget\" data-widget_type=\"text-editor.default\">\n\t\t\t\t<div class=\"elementor-widget-container\">\n\t\t\t\t\t\t\t\t\t<p><strong>Rozw\u00f3j autonomicznych system\u00f3w inwestycyjnych<\/strong><br \/>Projekt obejmowa\u0142 stworzenie prototypu system\u00f3w inwestycyjnych z funkcj\u0105 samodzielnej optymalizacji. Prace sk\u0142ada\u0142y si\u0119 z wyboru wska\u017anik\u00f3w technicznych, opracowania kodu \u017ar\u00f3d\u0142owego oraz testowania i optymalizacji systemu. Projekt zosta\u0142 podzielony na sze\u015b\u0107 etap\u00f3w, obejmuj\u0105cych selekcj\u0119 wska\u017anik\u00f3w, tworzenie kodu, testowanie i weryfikacj\u0119 wynik\u00f3w<\/p><p><strong>Prototypowanie systemu ICT dla wsparcia psychologicznego<\/strong><br \/>Projekt dotyczy\u0142 stworzenia systemu ICT wspieraj\u0105cego procesy psychoedukacyjne i autodiagnostyczne dla m\u0142odzie\u017cy. Obejmowa\u0142 modelowanie proces\u00f3w, opracowanie materia\u0142\u00f3w edukacyjnych oraz integracj\u0119 modu\u0142\u00f3w systemu ICT. Projekt by\u0142 realizowany w trzech etapach, zako\u0144czonych testami w formie bada\u0144 fokusowych.<\/p><p><strong>Analiza i automatyzacja proces\u00f3w zarz\u0105dzania us\u0142ugami<\/strong><br \/>Projekt polega\u0142 na analizie proces\u00f3w zarz\u0105dzania us\u0142ugami we wsp\u00f3lnotach mieszkaniowych pod k\u0105tem automatyzacji z u\u017cyciem rozwi\u0105zania IT w modelu SaaS. Wynikiem by\u0142y raporty dotycz\u0105ce automatyzacji proces\u00f3w i opracowanie user stories oraz makiet interfejsu u\u017cytkownika<\/p><p><strong>Rozw\u00f3j kompetencji w organizacji \u015brodowiska pracy zdalnej<\/strong><br \/>Projekt obejmowa\u0142 opracowanie modelu procesu podnosz\u0105cego kompetencje w zakresie organizacji \u015brodowiska pracy zdalnej. W ramach projektu stworzono prototyp systemu ICT wspomagaj\u0105cego rozw\u00f3j kompetencji, w tym mechanizmy diagnozy i rozwoju kompetencji<\/p><p><strong>Opracowanie systemu pomiaru czasu reakcji<\/strong><br \/>Projekt dotyczy\u0142 stworzenia systemu ICT do pomiaru czasu reakcji z wykorzystaniem testu LBRT. Obejmowa\u0142 opracowanie wytycznych dla stanowiska pomiarowego i algorytm\u00f3w do analizy danych z test\u00f3w.<\/p><p><strong>Rozw\u00f3j kompetencji w administracji publicznej<\/strong><br \/>Projekt obejmowa\u0142 stworzenie prototypu modu\u0142u mechanizmu ICT diagnozowania i rozwijania kompetencji w zakresie projektowania innowacyjnych rozwi\u0105za\u0144 w administracji publicznej. Projekt by\u0142 realizowany w trzech etapach, obejmuj\u0105cych projektowanie, prototypowanie i testowanie.<\/p><p><strong>Rozw\u00f3j systemu edukacyjno-rozrywkowego<\/strong><br \/>Projekt dotyczy\u0142 stworzenia systemu ICT do generowania i serwowania tre\u015bci edukacyjno-rozrywkowych w formie printables. Obejmowa\u0142 opracowanie algorytm\u00f3w i prototypu systemu ICT<\/p><p><strong>System wsparcia psychologicznego<\/strong><br \/>Projekt obejmowa\u0142 opracowanie systemu ICT wspieraj\u0105cego rozw\u00f3j kompetencji psychologicznych w zakresie przeci\u0105\u017cenia informacyjnego. Projekt by\u0142 realizowany w trzech etapach, obejmuj\u0105cych analiz\u0119, prototypowanie i testowanie<\/p><p><strong>System ochrony instalacji fotowoltaicznych<\/strong><br \/>Projekt dotyczy\u0142 stworzenia systemu ochrony instalacji fotowoltaicznych przed mikroiskrzeniami. Obejmowa\u0142 opracowanie urz\u0105dzenia i oprogramowania do wykrywania anomalii w parametrach elektrycznych<\/p><p><strong>Wzorcowy Proces raportowania bada\u0144 konopi<\/strong><br \/>Projekt obejmowa\u0142 opracowanie Wzorcowego Procesu raportowania wynik\u00f3w bada\u0144 konopi indyjskich, dostosowanego do norm EU GMP, GDP i ISO 17025<\/p>\t\t\t\t\t\t\t\t<\/div>\n\t\t\t\t<\/div>\n\t\t\t\t\t<\/div>\n\t\t\t\t<\/div>\n\t\t<div class=\"elementor-element elementor-element-449b14d7 e-flex e-con-boxed e-con e-parent\" data-id=\"449b14d7\" data-element_type=\"container\">\n\t\t\t\t\t<div class=\"e-con-inner\">\n\t\t\t\t<div class=\"elementor-element elementor-element-5d5bb143 elementor-widget elementor-widget-heading\" data-id=\"5d5bb143\" data-element_type=\"widget\" data-widget_type=\"heading.default\">\n\t\t\t\t<div class=\"elementor-widget-container\">\n\t\t\t\t\t<h3 class=\"elementor-heading-title elementor-size-default\">Skontaktuj si\u0119 z nami<\/h3>\t\t\t\t<\/div>\n\t\t\t\t<\/div>\n\t\t\t\t<div class=\"elementor-element elementor-element-255dbc81 elementor-widget elementor-widget-text-editor\" data-id=\"255dbc81\" data-element_type=\"widget\" data-widget_type=\"text-editor.default\">\n\t\t\t\t<div class=\"elementor-widget-container\">\n\t\t\t\t\t\t\t\t\t<p>\u00a0<\/p><p>e-mail: <a href=\"mailto:biuro@promiss.com.pl\">biuro@promiss.com.pl<\/a><\/p>\t\t\t\t\t\t\t\t<\/div>\n\t\t\t\t<\/div>\n\t\t\t\t\t<\/div>\n\t\t\t\t<\/div>\n\t\t<footer class=\"elementor-element elementor-element-2efe99e2 e-flex e-con-boxed e-con e-parent\" data-id=\"2efe99e2\" data-element_type=\"container\" id=\"kontakt\">\n\t\t\t\t\t<div class=\"e-con-inner\">\n\t\t<div class=\"elementor-element elementor-element-54602e37 e-con-full e-flex e-con e-child\" data-id=\"54602e37\" data-element_type=\"container\">\n\t\t\t\t<div class=\"elementor-element elementor-element-18a8f86b elementor-widget elementor-widget-image\" data-id=\"18a8f86b\" data-element_type=\"widget\" data-widget_type=\"image.default\">\n\t\t\t\t<div class=\"elementor-widget-container\">\n\t\t\t\t\t\t\t\t\t\t\t\t\t\t\t<img loading=\"lazy\" decoding=\"async\" width=\"398\" height=\"102\" src=\"https:\/\/promiss.com.pl\/wp-content\/uploads\/2025\/01\/Pro_Miss_logo.jpeg\" class=\"attachment-full size-full wp-image-105\" alt=\"\" srcset=\"https:\/\/promiss.com.pl\/wp-content\/uploads\/2025\/01\/Pro_Miss_logo.jpeg 398w, https:\/\/promiss.com.pl\/wp-content\/uploads\/2025\/01\/Pro_Miss_logo-300x77.jpeg 300w\" sizes=\"(max-width: 398px) 100vw, 398px\" \/>\t\t\t\t\t\t\t\t\t\t\t\t\t\t\t<\/div>\n\t\t\t\t<\/div>\n\t\t\t\t<\/div>\n\t\t<div class=\"elementor-element elementor-element-764d44a5 e-con-full e-flex e-con e-child\" data-id=\"764d44a5\" data-element_type=\"container\">\n\t\t\t\t<div class=\"elementor-element elementor-element-3140c818 elementor-icon-list--layout-inline elementor-tablet-align-center elementor-align-center elementor-list-item-link-full_width elementor-widget elementor-widget-icon-list\" data-id=\"3140c818\" data-element_type=\"widget\" data-widget_type=\"icon-list.default\">\n\t\t\t\t<div class=\"elementor-widget-container\">\n\t\t\t\t\t\t\t<ul class=\"elementor-icon-list-items elementor-inline-items\">\n\t\t\t\t\t\t\t<li class=\"elementor-icon-list-item elementor-inline-item\">\n\t\t\t\t\t\t\t\t\t\t<span class=\"elementor-icon-list-text\">Pro Miss Sp. z o.o.<\/span>\n\t\t\t\t\t\t\t\t\t<\/li>\n\t\t\t\t\t\t\t\t<li class=\"elementor-icon-list-item elementor-inline-item\">\n\t\t\t\t\t\t\t\t\t\t<span class=\"elementor-icon-list-text\"> Zaruby 11 \/ 175, 02-796 Warszawa<\/span>\n\t\t\t\t\t\t\t\t\t<\/li>\n\t\t\t\t\t\t\t\t<li class=\"elementor-icon-list-item elementor-inline-item\">\n\t\t\t\t\t\t\t\t\t\t<span class=\"elementor-icon-list-text\">Numer KRS: 0000470459<\/span>\n\t\t\t\t\t\t\t\t\t<\/li>\n\t\t\t\t\t\t<\/ul>\n\t\t\t\t\t\t<\/div>\n\t\t\t\t<\/div>\n\t\t\t\t<\/div>\n\t\t<div class=\"elementor-element elementor-element-32f7b109 e-con-full e-flex e-con e-child\" data-id=\"32f7b109\" data-element_type=\"container\">\n\t\t\t\t<\/div>\n\t\t\t\t\t<\/div>\n\t\t\t\t<\/footer>\n\t\t<div class=\"elementor-element elementor-element-54ea2d9f e-con-full e-flex e-con e-parent\" data-id=\"54ea2d9f\" data-element_type=\"container\" data-settings=\"{&quot;background_background&quot;:&quot;classic&quot;}\">\n\t\t\t\t<div class=\"elementor-element elementor-element-1033232b elementor-widget elementor-widget-heading\" data-id=\"1033232b\" data-element_type=\"widget\" data-widget_type=\"heading.default\">\n\t\t\t\t<div class=\"elementor-widget-container\">\n\t\t\t\t\t<p class=\"elementor-heading-title elementor-size-default\">\u00a9 2026 Wszystkie prawa zastrzezone<\/p>\t\t\t\t<\/div>\n\t\t\t\t<\/div>\n\t\t\t\t<\/div>\n\t\t<div class=\"elementor-element elementor-element-6a5960a e-flex e-con-boxed e-con e-parent\" data-id=\"6a5960a\" data-element_type=\"container\">\n\t\t\t\t\t<div class=\"e-con-inner\">\n\t\t\t\t\t<\/div>\n\t\t\t\t<\/div>\n\t\t\t\t<\/div>\n\t\t","protected":false},"excerpt":{"rendered":"<p>O nas Pro Miss Sp. z o.o. to firma specjalizuj\u0105ca si\u0119 w dostarczaniu innowacyjnych rozwi\u0105za\u0144 technologicznych i biznesowych. Naszym celem jest wspieranie klient\u00f3w w rozwijaniu ich potencja\u0142u poprzez kompleksowe us\u0142ugi badawczo-rozwojowe, tworzenie oprogramowania, doradztwo oraz gry seriuszne. Misja Nasza misja to dostarczanie nowatorskich technologii i modeli biznesowych, kt\u00f3re pomagaj\u0105 naszym klientom w osi\u0105ganiu sukcesu. Pracujemy [&hellip;]<\/p>\n","protected":false},"author":1,"featured_media":0,"parent":0,"menu_order":0,"comment_status":"closed","ping_status":"closed","template":"elementor_header_footer","meta":{"footnotes":""},"class_list":["post-11","page","type-page","status-publish","hentry"],"_links":{"self":[{"href":"https:\/\/promiss.com.pl\/index.php?rest_route=\/wp\/v2\/pages\/11","targetHints":{"allow":["GET"]}}],"collection":[{"href":"https:\/\/promiss.com.pl\/index.php?rest_route=\/wp\/v2\/pages"}],"about":[{"href":"https:\/\/promiss.com.pl\/index.php?rest_route=\/wp\/v2\/types\/page"}],"author":[{"embeddable":true,"href":"https:\/\/promiss.com.pl\/index.php?rest_route=\/wp\/v2\/users\/1"}],"replies":[{"embeddable":true,"href":"https:\/\/promiss.com.pl\/index.php?rest_route=%2Fwp%2Fv2%2Fcomments&post=11"}],"version-history":[{"count":112,"href":"https:\/\/promiss.com.pl\/index.php?rest_route=\/wp\/v2\/pages\/11\/revisions"}],"predecessor-version":[{"id":173,"href":"https:\/\/promiss.com.pl\/index.php?rest_route=\/wp\/v2\/pages\/11\/revisions\/173"}],"wp:attachment":[{"href":"https:\/\/promiss.com.pl\/index.php?rest_route=%2Fwp%2Fv2%2Fmedia&parent=11"}],"curies":[{"name":"wp","href":"https:\/\/api.w.org\/{rel}","templated":true}]}}